{"id":164,"date":"2024-03-15T12:54:25","date_gmt":"2024-03-15T11:54:25","guid":{"rendered":"https:\/\/ludikastudio.com\/?page_id=164"},"modified":"2025-11-28T13:34:13","modified_gmt":"2025-11-28T12:34:13","slug":"ressources","status":"publish","type":"page","link":"https:\/\/ludikastudio.com\/index.php\/ressources\/","title":{"rendered":"Ressources"},"content":{"rendered":"\n<p><strong>Si tu veux t\u00e9l\u00e9charger la Fiche \u00ab\u00a0Pense b\u00eate &#8211; Jeu de Piste\u00a0\u00bb, je t&rsquo;invite \u00e0 remplir le formulaire ci-dessous<\/strong><\/p>\n\n\n<style id=\"wpforms-css-vars-225-block-d198c1e6-0ea7-4168-a105-05480dc12742\">\n\t\t\t\t#wpforms-225.wpforms-block-d198c1e6-0ea7-4168-a105-05480dc12742 {\n\t\t\t\t--wpforms-label-color: rgba(0, 0, 0, 0.85);\n--wpforms-label-sublabel-color: rgba(0, 0, 0, 0.55);\n--wpforms-field-border-color: rgba(0, 0, 0, 0.25);\n--wpforms-field-border-color-spare: rgba(0, 0, 0, 0.25);\n--wpforms-field-text-color: #0d0c0d;\n--wpforms-field-size-input-height: 43px;\n--wpforms-field-size-input-spacing: 15px;\n--wpforms-field-size-font-size: 16px;\n--wpforms-field-size-line-height: 19px;\n--wpforms-field-size-padding-h: 14px;\n--wpforms-field-size-checkbox-size: 16px;\n--wpforms-field-size-sublabel-spacing: 5px;\n--wpforms-field-size-icon-size: 1;\n--wpforms-label-size-font-size: 16px;\n--wpforms-label-size-line-height: 19px;\n--wpforms-label-size-sublabel-font-size: 14px;\n--wpforms-label-size-sublabel-line-height: 17px;\n--wpforms-button-size-font-size: 17px;\n--wpforms-button-size-height: 41px;\n--wpforms-button-size-padding-h: 15px;\n--wpforms-button-size-margin-top: 10px;\n\t\t\t}\n\t\t\t<\/style><div class=\"wpforms-container wpforms-container-full wpforms-block wpforms-block-d198c1e6-0ea7-4168-a105-05480dc12742 wpforms-render-modern\" id=\"wpforms-225\"><form id=\"wpforms-form-225\" class=\"wpforms-validate wpforms-form wpforms-ajax-form\" data-formid=\"225\" method=\"post\" enctype=\"multipart\/form-data\" action=\"\/index.php\/wp-json\/wp\/v2\/pages\/164\" data-token=\"115db1aaee82c469b026471bba9ed72b\" data-token-time=\"1776378060\"><noscript class=\"wpforms-error-noscript\">Veuillez activer JavaScript dans votre navigateur pour remplir ce formulaire.<\/noscript><div id=\"wpforms-error-noscript\" style=\"display: none;\">Veuillez activer JavaScript dans votre navigateur pour remplir ce formulaire.<\/div><div class=\"wpforms-field-container\"><div id=\"wpforms-225-field_0-container\" class=\"wpforms-field wpforms-field-name\" data-field-id=\"0\"><fieldset><legend class=\"wpforms-field-label\">Identit\u00e9 <span class=\"wpforms-required-label\" aria-hidden=\"true\">*<\/span><\/legend><div class=\"wpforms-field-row wpforms-field-medium\"><div class=\"wpforms-field-row-block wpforms-first wpforms-one-half\"><input type=\"text\" id=\"wpforms-225-field_0\" class=\"wpforms-field-name-first wpforms-field-required\" name=\"wpforms[fields][0][first]\" aria-errormessage=\"wpforms-225-field_0-error\" required><label for=\"wpforms-225-field_0\" class=\"wpforms-field-sublabel after\">Pr\u00e9nom<\/label><\/div><div class=\"wpforms-field-row-block wpforms-one-half\"><input type=\"text\" id=\"wpforms-225-field_0-last\" class=\"wpforms-field-name-last wpforms-field-required\" name=\"wpforms[fields][0][last]\" aria-errormessage=\"wpforms-225-field_0-last-error\" required><label for=\"wpforms-225-field_0-last\" class=\"wpforms-field-sublabel after\">Nom<\/label><\/div><\/div><\/fieldset><\/div>\t\t<div id=\"wpforms-225-field_2-container\"\n\t\t\tclass=\"wpforms-field wpforms-field-text\"\n\t\t\tdata-field-type=\"text\"\n\t\t\tdata-field-id=\"2\"\n\t\t\t>\n\t\t\t<label class=\"wpforms-field-label\" for=\"wpforms-225-field_2\" >Marketing arriv\u00e9.e.s Email<\/label>\n\t\t\t<input type=\"text\" id=\"wpforms-225-field_2\" class=\"wpforms-field-medium\" name=\"wpforms[fields][2]\" >\n\t\t<\/div>\n\t\t<div id=\"wpforms-225-field_1-container\" class=\"wpforms-field wpforms-field-email\" data-field-id=\"1\"><label class=\"wpforms-field-label\" for=\"wpforms-225-field_1\">Email  <span class=\"wpforms-required-label\" aria-hidden=\"true\">*<\/span><\/label><input type=\"email\" id=\"wpforms-225-field_1\" class=\"wpforms-field-medium wpforms-field-required\" name=\"wpforms[fields][1]\" spellcheck=\"false\" aria-errormessage=\"wpforms-225-field_1-error\" required><\/div><div id=\"wpforms-225-field_3-container\" class=\"wpforms-field wpforms-field-select wpforms-field-select-style-classic\" data-field-id=\"3\"><label class=\"wpforms-field-label\" for=\"wpforms-225-field_3\">Comment \u00eates vous arriv\u00e9.e.s ici? <span class=\"wpforms-required-label\" aria-hidden=\"true\">*<\/span><\/label><select id=\"wpforms-225-field_3\" class=\"wpforms-field-medium wpforms-field-required\" name=\"wpforms[fields][3]\" required=\"required\"><option value=\"LinkedIn\"  class=\"choice-3 depth-1\"  >LinkedIn<\/option><option value=\"Facebook\"  class=\"choice-1 depth-1\"  >Facebook<\/option><option value=\"Recommandation\"  class=\"choice-5 depth-1\"  >Recommandation<\/option><option value=\"Autre\"  class=\"choice-4 depth-1\"  >Autre<\/option><\/select><\/div><div id=\"wpforms-225-field_5-container\" class=\"wpforms-field wpforms-field-checkbox\" data-field-id=\"5\"><fieldset><legend class=\"wpforms-field-label wpforms-label-hide\" aria-hidden=\"false\">Marketing email consent <span class=\"wpforms-required-label\" aria-hidden=\"true\">*<\/span><\/legend><ul id=\"wpforms-225-field_5\" class=\"wpforms-field-required\"><li class=\"choice-1 depth-1\"><input type=\"checkbox\" id=\"wpforms-225-field_5_1\" name=\"wpforms[fields][5][]\" value=\"Please check here to join our email list.\" aria-errormessage=\"wpforms-225-field_5_1-error\" required ><label class=\"wpforms-field-label-inline\" for=\"wpforms-225-field_5_1\">Please check here to join our email list.<\/label><\/li><\/ul><\/fieldset><\/div><script>\n\t\t\t\t( function() {\n\t\t\t\t\tconst style = document.createElement( 'style' );\n\t\t\t\t\tstyle.appendChild( document.createTextNode( '#wpforms-225-field_2-container { position: absolute !important; overflow: hidden !important; display: inline !important; height: 1px !important; width: 1px !important; z-index: -1000 !important; padding: 0 !important; } #wpforms-225-field_2-container input { visibility: hidden; } #wpforms-conversational-form-page #wpforms-225-field_2-container label { counter-increment: none; }' ) );\n\t\t\t\t\tdocument.head.appendChild( style );\n\t\t\t\t\tdocument.currentScript?.remove();\n\t\t\t\t} )();\n\t\t\t<\/script><\/div><!-- .wpforms-field-container --><div class=\"wpforms-submit-container\" ><input type=\"hidden\" name=\"wpforms[id]\" value=\"225\"><input type=\"hidden\" name=\"page_title\" value=\"\"><input type=\"hidden\" name=\"page_url\" value=\"https:\/\/ludikastudio.com\/index.php\/wp-json\/wp\/v2\/pages\/164\"><input type=\"hidden\" name=\"url_referer\" value=\"\"><button type=\"submit\" name=\"wpforms[submit]\" id=\"wpforms-submit-225\" class=\"wpforms-submit\" data-alt-text=\"Sending...\" data-submit-text=\"envoyer\" aria-live=\"assertive\" value=\"wpforms-submit\">envoyer<\/button><img loading=\"lazy\" decoding=\"async\" src=\"https:\/\/ludikastudio.com\/wp-content\/plugins\/wpforms-lite\/assets\/images\/submit-spin.svg\" class=\"wpforms-submit-spinner\" style=\"display: none;\" width=\"26\" height=\"26\" alt=\"Chargement en cours\"><\/div><\/form><\/div>  <!-- .wpforms-container -->\n\n\n<p>En Novembre 2023 j&rsquo;ai eu le grand plaisir d&rsquo;\u00eatre interview\u00e9e par Claire Casedas pour son Podcast \u00ab\u00a0j&rsquo;ai l&rsquo;oeil du tigre\u00a0\u00bb \u00e9pisode 96 sur la Gamification au mus\u00e9e et en m\u00e9diation culturelle. Je vous conseil d&rsquo;aller \u00e9couter l&rsquo;ensemble des \u00e9pisodes de son <a href=\"https:\/\/www.funinmuseum.com\/pages\/podcast-j-ai-l-oeil-du-tigre.html\">Podcast <\/a>car c&rsquo;est une v\u00e9ritable mine d&rsquo;or. <\/p>\n\n\n\n<figure class=\"wp-block-embed is-type-video is-provider-youtube wp-block-embed-youtube wp-embed-aspect-16-9 wp-has-aspect-ratio\"><div class=\"wp-block-embed__wrapper\">\n<div class=\"nv-iframe-embed\"><iframe loading=\"lazy\" title=\"96. La gamification (ou la ludification) au mus\u00e9e et en m\u00e9diation culturelle avec C\u00e9cilia Beauclair\" width=\"1200\" height=\"675\" src=\"https:\/\/www.youtube.com\/embed\/1u8iOSlPsMY?feature=oembed\" frameborder=\"0\" allow=\"accelerometer; autoplay; clipboard-write; encrypted-media; gyroscope; picture-in-picture; web-share\" referrerpolicy=\"strict-origin-when-cross-origin\" allowfullscreen><\/iframe><\/div>\n<\/div><\/figure>\n\n\n\n<p>J&rsquo;ai eu le bonheur de participer \u00e0 un Linkedin live avec Anne-Sophie Marchal et Sara Terrier pour <a href=\"https:\/\/www.lalucarne.ch\/\" data-type=\"link\" data-id=\"https:\/\/www.lalucarne.ch\/\">La Lucarne<\/a>. Nos \u00e9changes portaient l\u00e0 aussi sur les serious game et la gamification des institutions culturelles. Comment bien utiliser le ressort ludique en m\u00e9diation par exemple. <\/p>\n\n\n\n<figure class=\"wp-block-embed is-type-video is-provider-youtube wp-block-embed-youtube wp-embed-aspect-16-9 wp-has-aspect-ratio\"><div class=\"wp-block-embed__wrapper\">\n<div class=\"nv-iframe-embed\"><iframe loading=\"lazy\" title=\"[La Lucarne en live] avec C\u00e9cilia Beauclair de Ludika Studio\" width=\"1200\" height=\"675\" src=\"https:\/\/www.youtube.com\/embed\/NFjBqbsKDlk?feature=oembed\" frameborder=\"0\" allow=\"accelerometer; autoplay; clipboard-write; encrypted-media; gyroscope; picture-in-picture; web-share\" referrerpolicy=\"strict-origin-when-cross-origin\" allowfullscreen><\/iframe><\/div>\n<\/div><\/figure>\n","protected":false},"excerpt":{"rendered":"<p>Si tu veux t\u00e9l\u00e9charger la Fiche \u00ab\u00a0Pense b\u00eate &#8211; Jeu de Piste\u00a0\u00bb, je t&rsquo;invite \u00e0 remplir le formulaire ci-dessous En Novembre 2023 j&rsquo;ai eu le grand plaisir d&rsquo;\u00eatre interview\u00e9e par Claire Casedas pour son Podcast \u00ab\u00a0j&rsquo;ai l&rsquo;oeil du tigre\u00a0\u00bb \u00e9pisode 96 sur la Gamification au mus\u00e9e et en m\u00e9diation culturelle. Je vous conseil d&rsquo;aller \u00e9couter&hellip;&nbsp;<a href=\"https:\/\/ludikastudio.com\/index.php\/ressources\/\" rel=\"bookmark\">Lire la suite &raquo;<span class=\"screen-reader-text\">Ressources<\/span><\/a><\/p>\n","protected":false},"author":1,"featured_media":0,"parent":0,"menu_order":0,"comment_status":"closed","ping_status":"closed","template":"","meta":{"neve_meta_sidebar":"","neve_meta_container":"","neve_meta_enable_content_width":"","neve_meta_content_width":0,"neve_meta_title_alignment":"","neve_meta_author_avatar":"","neve_post_elements_order":"","neve_meta_disable_header":"","neve_meta_disable_footer":"","neve_meta_disable_title":"","footnotes":""},"class_list":["post-164","page","type-page","status-publish","hentry"],"_links":{"self":[{"href":"https:\/\/ludikastudio.com\/index.php\/wp-json\/wp\/v2\/pages\/164","targetHints":{"allow":["GET"]}}],"collection":[{"href":"https:\/\/ludikastudio.com\/index.php\/wp-json\/wp\/v2\/pages"}],"about":[{"href":"https:\/\/ludikastudio.com\/index.php\/wp-json\/wp\/v2\/types\/page"}],"author":[{"embeddable":true,"href":"https:\/\/ludikastudio.com\/index.php\/wp-json\/wp\/v2\/users\/1"}],"replies":[{"embeddable":true,"href":"https:\/\/ludikastudio.com\/index.php\/wp-json\/wp\/v2\/comments?post=164"}],"version-history":[{"count":7,"href":"https:\/\/ludikastudio.com\/index.php\/wp-json\/wp\/v2\/pages\/164\/revisions"}],"predecessor-version":[{"id":235,"href":"https:\/\/ludikastudio.com\/index.php\/wp-json\/wp\/v2\/pages\/164\/revisions\/235"}],"wp:attachment":[{"href":"https:\/\/ludikastudio.com\/index.php\/wp-json\/wp\/v2\/media?parent=164"}],"curies":[{"name":"wp","href":"https:\/\/api.w.org\/{rel}","templated":true}]}}