{"id":54,"date":"2023-07-19T22:49:33","date_gmt":"2023-07-19T20:49:33","guid":{"rendered":"http:\/\/ludikastudio.com\/?page_id=54"},"modified":"2025-10-06T14:31:53","modified_gmt":"2025-10-06T12:31:53","slug":"formation","status":"publish","type":"page","link":"https:\/\/ludikastudio.com\/index.php\/formation\/","title":{"rendered":"Formation"},"content":{"rendered":"\n<p>Si vous avez conscience que le jeu est un levier tr\u00e8s int\u00e9ressant pour diffuser un message, faire passer de nouvelles connaissances ou entrainer les joueurs sur une th\u00e9matique donn\u00e9e, mais que vous ne savez pas vraiment par o\u00f9 commencer pour cr\u00e9er votre propre serious-game. Vous \u00eates ici au bon endroit. Je peux vous proposer un devis personnalis\u00e9 en fonction de vos besoins. <\/p>\n\n\n<div class=\"wp-block-image\">\n<figure class=\"aligncenter size-large is-resized\"><img loading=\"lazy\" decoding=\"async\" width=\"1024\" height=\"522\" src=\"https:\/\/ludikastudio.com\/wp-content\/uploads\/2025\/04\/1718631888516-1024x522.jpeg\" alt=\"\" class=\"wp-image-180\" style=\"width:477px;height:auto\"\/><\/figure>\n<\/div>\n\n\n<p>Voici quelques exemples de th\u00e9matique que nous pouvons aborder ensemble : <\/p>\n\n\n\n<ul class=\"wp-block-list\">\n<li>les diff\u00e9rents profils de joueurs<\/li>\n\n\n\n<li>les diff\u00e9rents leviers d&rsquo;engagements<\/li>\n\n\n\n<li>les \u00e9tapes cl\u00e9s pour la cr\u00e9ation d&rsquo;un bon serious game<\/li>\n\n\n\n<li>Comment cr\u00e9er son propre Jeu de Piste &#8211; Murder party &#8211; Escape Game  <\/li>\n\n\n\n<li>Quel jeu pour quel public <\/li>\n<\/ul>\n\n\n\n<p><\/p>\n\n\n\n<p>Prochaines formations : <\/p>\n\n\n\n<p><strong>Du 12 au 14 Mai 2025 pour le CNFPT Centre-Val de Loire \u00a0\u00bb Les nouveaux parcours ludiques\u00a0\u00bb <\/strong><\/p>\n\n\n\n<p><strong>Du 29 au 30 Septembre 2025 pour le CNFPT Bretagne \u00a0\u00bb les nouveaux parcours ludiques\u00a0\u00bb <\/strong><\/p>\n\n\n\n<p><strong>Du 13 au 14 2025 Octobre pour la Communaut\u00e9 de commune Pays du Mont Blanc \u00ab\u00a0Le jeu dans la m\u00e9diation culturelle\u00a0: concevoir m\u00e9diation ludique et exp\u00e9rientielle\u00a0\u00bb<\/strong><\/p>\n\n\n\n<p><\/p>\n\n\n\n<p><\/p>\n\n\n\n<p><\/p>\n","protected":false},"excerpt":{"rendered":"<p>Si vous avez conscience que le jeu est un levier tr\u00e8s int\u00e9ressant pour diffuser un message, faire passer de nouvelles connaissances ou entrainer les joueurs sur une th\u00e9matique donn\u00e9e, mais que vous ne savez pas vraiment par o\u00f9 commencer pour cr\u00e9er votre propre serious-game. Vous \u00eates ici au bon endroit. Je peux vous proposer un&hellip;&nbsp;<a href=\"https:\/\/ludikastudio.com\/index.php\/formation\/\" rel=\"bookmark\">Lire la suite &raquo;<span class=\"screen-reader-text\">Formation<\/span><\/a><\/p>\n","protected":false},"author":1,"featured_media":0,"parent":0,"menu_order":0,"comment_status":"closed","ping_status":"closed","template":"","meta":{"neve_meta_sidebar":"","neve_meta_container":"","neve_meta_enable_content_width":"","neve_meta_content_width":0,"neve_meta_title_alignment":"","neve_meta_author_avatar":"","neve_post_elements_order":"","neve_meta_disable_header":"","neve_meta_disable_footer":"","neve_meta_disable_title":"","footnotes":""},"class_list":["post-54","page","type-page","status-publish","hentry"],"_links":{"self":[{"href":"https:\/\/ludikastudio.com\/index.php\/wp-json\/wp\/v2\/pages\/54","targetHints":{"allow":["GET"]}}],"collection":[{"href":"https:\/\/ludikastudio.com\/index.php\/wp-json\/wp\/v2\/pages"}],"about":[{"href":"https:\/\/ludikastudio.com\/index.php\/wp-json\/wp\/v2\/types\/page"}],"author":[{"embeddable":true,"href":"https:\/\/ludikastudio.com\/index.php\/wp-json\/wp\/v2\/users\/1"}],"replies":[{"embeddable":true,"href":"https:\/\/ludikastudio.com\/index.php\/wp-json\/wp\/v2\/comments?post=54"}],"version-history":[{"count":11,"href":"https:\/\/ludikastudio.com\/index.php\/wp-json\/wp\/v2\/pages\/54\/revisions"}],"predecessor-version":[{"id":223,"href":"https:\/\/ludikastudio.com\/index.php\/wp-json\/wp\/v2\/pages\/54\/revisions\/223"}],"wp:attachment":[{"href":"https:\/\/ludikastudio.com\/index.php\/wp-json\/wp\/v2\/media?parent=54"}],"curies":[{"name":"wp","href":"https:\/\/api.w.org\/{rel}","templated":true}]}}