{"id":57,"date":"2023-07-19T22:49:33","date_gmt":"2023-07-19T20:49:33","guid":{"rendered":"http:\/\/ludikastudio.com\/?page_id=57"},"modified":"2025-04-01T12:14:49","modified_gmt":"2025-04-01T10:14:49","slug":"audit","status":"publish","type":"page","link":"https:\/\/ludikastudio.com\/index.php\/audit\/","title":{"rendered":"Audit"},"content":{"rendered":"\n<p>Vous ou votre \u00e9tablissement poss\u00e9dez d\u00e9j\u00e0 un certain nombre d&rsquo;outils gamifi\u00e9s. Vous ne savez pas vraiment s&rsquo;ils sont toujours \u00e0 la pointe de l&rsquo;innovation ou vous vous demandez comment am\u00e9liorer l&rsquo;existent? Je suis l\u00e0 pour porter un regard neuf sur vos infrastructures afin de vous conseiller un plan d&rsquo;action pour les remettre \u00e0 la page ou pour cr\u00e9er une synergie dans l&rsquo;ensemble de vos propositions ludifi\u00e9es. D\u00e9placement sur site, rendez-vous en visio conf\u00e9rence et plan d&rsquo;action d\u00e9taill\u00e9, les modalit\u00e9s d&rsquo;intervention sont vari\u00e9es. <\/p>\n\n\n<div class=\"wp-block-image\">\n<figure class=\"aligncenter size-large is-resized\"><img loading=\"lazy\" decoding=\"async\" width=\"768\" height=\"1024\" src=\"https:\/\/ludikastudio.com\/wp-content\/uploads\/2025\/04\/PXL_20241015_081738664-768x1024.jpg\" alt=\"\" class=\"wp-image-189\" style=\"width:383px;height:auto\" srcset=\"https:\/\/ludikastudio.com\/wp-content\/uploads\/2025\/04\/PXL_20241015_081738664-768x1024.jpg 768w, https:\/\/ludikastudio.com\/wp-content\/uploads\/2025\/04\/PXL_20241015_081738664-225x300.jpg 225w, https:\/\/ludikastudio.com\/wp-content\/uploads\/2025\/04\/PXL_20241015_081738664-1152x1536.jpg 1152w, https:\/\/ludikastudio.com\/wp-content\/uploads\/2025\/04\/PXL_20241015_081738664-1536x2048.jpg 1536w, https:\/\/ludikastudio.com\/wp-content\/uploads\/2025\/04\/PXL_20241015_081738664-scaled.jpg 1920w\" sizes=\"auto, (max-width: 768px) 100vw, 768px\" \/><\/figure>\n<\/div>\n\n\n<p><\/p>\n","protected":false},"excerpt":{"rendered":"<p>Vous ou votre \u00e9tablissement poss\u00e9dez d\u00e9j\u00e0 un certain nombre d&rsquo;outils gamifi\u00e9s. Vous ne savez pas vraiment s&rsquo;ils sont toujours \u00e0 la pointe de l&rsquo;innovation ou vous vous demandez comment am\u00e9liorer l&rsquo;existent? Je suis l\u00e0 pour porter un regard neuf sur vos infrastructures afin de vous conseiller un plan d&rsquo;action pour les remettre \u00e0 la page&hellip;&nbsp;<a href=\"https:\/\/ludikastudio.com\/index.php\/audit\/\" rel=\"bookmark\">Lire la suite &raquo;<span class=\"screen-reader-text\">Audit<\/span><\/a><\/p>\n","protected":false},"author":1,"featured_media":0,"parent":0,"menu_order":0,"comment_status":"closed","ping_status":"closed","template":"","meta":{"neve_meta_sidebar":"","neve_meta_container":"","neve_meta_enable_content_width":"","neve_meta_content_width":0,"neve_meta_title_alignment":"","neve_meta_author_avatar":"","neve_post_elements_order":"","neve_meta_disable_header":"","neve_meta_disable_footer":"","neve_meta_disable_title":"","footnotes":""},"class_list":["post-57","page","type-page","status-publish","hentry"],"_links":{"self":[{"href":"https:\/\/ludikastudio.com\/index.php\/wp-json\/wp\/v2\/pages\/57","targetHints":{"allow":["GET"]}}],"collection":[{"href":"https:\/\/ludikastudio.com\/index.php\/wp-json\/wp\/v2\/pages"}],"about":[{"href":"https:\/\/ludikastudio.com\/index.php\/wp-json\/wp\/v2\/types\/page"}],"author":[{"embeddable":true,"href":"https:\/\/ludikastudio.com\/index.php\/wp-json\/wp\/v2\/users\/1"}],"replies":[{"embeddable":true,"href":"https:\/\/ludikastudio.com\/index.php\/wp-json\/wp\/v2\/comments?post=57"}],"version-history":[{"count":5,"href":"https:\/\/ludikastudio.com\/index.php\/wp-json\/wp\/v2\/pages\/57\/revisions"}],"predecessor-version":[{"id":191,"href":"https:\/\/ludikastudio.com\/index.php\/wp-json\/wp\/v2\/pages\/57\/revisions\/191"}],"wp:attachment":[{"href":"https:\/\/ludikastudio.com\/index.php\/wp-json\/wp\/v2\/media?parent=57"}],"curies":[{"name":"wp","href":"https:\/\/api.w.org\/{rel}","templated":true}]}}