{"id":66,"date":"2023-07-19T22:55:03","date_gmt":"2023-07-19T20:55:03","guid":{"rendered":"http:\/\/ludikastudio.com\/?page_id=66"},"modified":"2023-09-19T07:04:35","modified_gmt":"2023-09-19T05:04:35","slug":"evenementiel","status":"publish","type":"page","link":"https:\/\/ludikastudio.com\/index.php\/evenementiel\/","title":{"rendered":"\u00c9v\u00e8nementiel"},"content":{"rendered":"\n<p>Vous souhaitez concevoir un dispositif \u00e9ph\u00e9m\u00e8re afin de mettre votre mus\u00e9e, votre entreprise ou votre site patrimoniale en avant le temps d&rsquo;une animation mais vous n&rsquo;avez pas forc\u00e9ment les comp\u00e9tences en interne. Ludika studio peut vous proposer la conception d&rsquo;un jeu d&rsquo;enqu\u00eate, d&rsquo;une murder party ou d&rsquo;une chasse aux tr\u00e9sors \u00e0 vous de d\u00e9cider ensuite si vous souhaiter faire jouer le dispositif avec vos \u00e9quipes ou si vous souhaitez une prestation cl\u00e9s en main.  <\/p>\n\n\n\n<p>L&rsquo;\u00e9v\u00e8nementiel est \u00e9galement un bon moyen pour faire revenir les visiteurs sur des sites d\u00e9j\u00e0 bien connus. C&rsquo;est aussi un levier puissant pour faire venir une partie des visiteurs qui n&rsquo;ont pas l&rsquo;habitude de fr\u00e9quenter votre institution. <\/p>\n","protected":false},"excerpt":{"rendered":"<p>Vous souhaitez concevoir un dispositif \u00e9ph\u00e9m\u00e8re afin de mettre votre mus\u00e9e, votre entreprise ou votre site patrimoniale en avant le temps d&rsquo;une animation mais vous n&rsquo;avez pas forc\u00e9ment les comp\u00e9tences en interne. Ludika studio peut vous proposer la conception d&rsquo;un jeu d&rsquo;enqu\u00eate, d&rsquo;une murder party ou d&rsquo;une chasse aux tr\u00e9sors \u00e0 vous de d\u00e9cider ensuite&hellip;&nbsp;<a href=\"https:\/\/ludikastudio.com\/index.php\/evenementiel\/\" rel=\"bookmark\">Lire la suite &raquo;<span class=\"screen-reader-text\">\u00c9v\u00e8nementiel<\/span><\/a><\/p>\n","protected":false},"author":1,"featured_media":0,"parent":0,"menu_order":0,"comment_status":"closed","ping_status":"closed","template":"","meta":{"neve_meta_sidebar":"","neve_meta_container":"","neve_meta_enable_content_width":"","neve_meta_content_width":0,"neve_meta_title_alignment":"","neve_meta_author_avatar":"","neve_post_elements_order":"","neve_meta_disable_header":"","neve_meta_disable_footer":"","neve_meta_disable_title":"","footnotes":""},"class_list":["post-66","page","type-page","status-publish","hentry"],"_links":{"self":[{"href":"https:\/\/ludikastudio.com\/index.php\/wp-json\/wp\/v2\/pages\/66","targetHints":{"allow":["GET"]}}],"collection":[{"href":"https:\/\/ludikastudio.com\/index.php\/wp-json\/wp\/v2\/pages"}],"about":[{"href":"https:\/\/ludikastudio.com\/index.php\/wp-json\/wp\/v2\/types\/page"}],"author":[{"embeddable":true,"href":"https:\/\/ludikastudio.com\/index.php\/wp-json\/wp\/v2\/users\/1"}],"replies":[{"embeddable":true,"href":"https:\/\/ludikastudio.com\/index.php\/wp-json\/wp\/v2\/comments?post=66"}],"version-history":[{"count":3,"href":"https:\/\/ludikastudio.com\/index.php\/wp-json\/wp\/v2\/pages\/66\/revisions"}],"predecessor-version":[{"id":192,"href":"https:\/\/ludikastudio.com\/index.php\/wp-json\/wp\/v2\/pages\/66\/revisions\/192"}],"wp:attachment":[{"href":"https:\/\/ludikastudio.com\/index.php\/wp-json\/wp\/v2\/media?parent=66"}],"curies":[{"name":"wp","href":"https:\/\/api.w.org\/{rel}","templated":true}]}}